{"id":29,"date":"2016-10-22T15:31:46","date_gmt":"2016-10-22T13:31:46","guid":{"rendered":"http:\/\/www.uschi-schaefer.de\/?page_id=29"},"modified":"2017-03-14T10:53:54","modified_gmt":"2017-03-14T09:53:54","slug":"weiterfuehrende-links","status":"publish","type":"page","link":"https:\/\/www.uschi-schaefer.de\/en\/weiterfuehrende-links\/","title":{"rendered":"Links"},"content":{"rendered":"<p><img loading=\"lazy\" decoding=\"async\" class=\"alignleft size-full wp-image-141\" src=\"https:\/\/www.uschi-schaefer.de\/wp-content\/uploads\/2016\/10\/buch-maly.jpg\" alt=\"\" width=\"178\" height=\"250\" \/>Wolfgang Maly:<br \/>\n<strong>Die Maly-Meditation \u2013 Wie Zuwendung heilen kann<\/strong><\/p>\n<p><em>Auszug aus dem Vorwort von Prof. Dr. med. Waldemar Uhl<\/em><\/p>\n<p>\u201e\u2026 Ein gro\u00dfes Problem der deutschen Schulmedizin ist, dass aufgrund der Technisierung und der zunehmenden \u00d6konomisierung der Medizin die Zuwendung zu den Patienten und ihren Angeh\u00f6rigen eindeutig zu kurz kommt. Es besteht meist viel zu wenig Zeit, um sich den Patienten als Menschen zu widmen und das therapeutische Gespr\u00e4ch zu pflegen. Hinzu kommt, dass viele Schulmediziner komplement\u00e4rmedizinische Ma\u00dfnahmen komplett ablehnen. Gerade in Deutschland ist es sehr schwierig, sich als Schulmediziner zu diesem Thema zu \u00e4u\u00dfern. In gro\u00dfen Tumorzentren in den USA, beispielsweise am Memorial Sloan-Kettering Cancer Center, gibt es bereits eigene Abteilungen, die sich komplement\u00e4rmedizinischen Behandlungskonzepten widmen.Dort wird diese Herangehensweise als integrative Medizin bezeichnet und sogar intensiv erforscht.<\/p>\n<p><strong>Die christlich basierte Maly-Meditation<\/strong> m\u00f6chte ich als eine wichtige komplement\u00e4rmedizinische Ma\u00dfnahme besonders empfehlen.Das Buch, das Sie gerade in den H\u00e4nden halten, beschreibt diese spezielle Meditation aus allen Blickwinkeln ausf\u00fchrlich und anschaulich.<\/p>\n<p>Durch <strong>Liebe, Zuwendung und die Kraft des Glaubens<\/strong>, die Patienten w\u00e4hrend der Maly-Meditation erfahren, sch\u00f6pfen sie neue Hoffnung und Lebensmut. All das f\u00fchrt letztlich dazu, dass ihre inneren Selbstheilungskr\u00e4fte geweckt werden k\u00f6nnen\u2026\u201c<\/p>\n<p>ca. 224 Seiten Klappenbroschur mit CDWG 462<br \/>\nISBN 978-3-426-65712-6<br \/>\n19,99 EUR<\/p>\n<p>Bestellen \u00fcber <a href=\"http:\/\/www.droemer-knaur.de\/buch\/7779892\/die-maly-meditation\" target=\"_blank\">Verlag<\/a> | <a href=\"http:\/\/www.buch24.de\/1380472988-175784972\/shopdirekt.cgi?id=12178666&amp;p=3&amp;sid=&amp;static=0&amp;nav=\" target=\"_blank\">Buch24<\/a> |\u00a0<a href=\"http:\/\/www.amazon.de\/Die-Maly-Meditation-Zuwendung-heilen-kann\/dp\/3426657120\/ref=sr_1_1?s=books&amp;ie=UTF8&amp;qid=1432645491&amp;sr=1-1&amp;keywords=maly\" target=\"_blank\"> Amazon<\/a><\/p>\n<hr \/>\n<p><a href=\"http:\/\/www.amazon.de\/Die-Maly-Meditation-Zuwendung-heilen-kann\/dp\/3839880084\/ref=sr_1_1?s=books&amp;ie=UTF8&amp;qid=1432645944&amp;sr=1-1&amp;keywords=maly+cd\" target=\"_blank\"><img loading=\"lazy\" decoding=\"async\" class=\"alignleft wp-image-142 size-full\" src=\"https:\/\/www.uschi-schaefer.de\/wp-content\/uploads\/2016\/10\/hoerbuch-maly-200x180.jpg\" width=\"200\" height=\"180\" \/><\/a>Das H\u00f6rbuch<br \/>\n<strong>Die Maly-Meditation \u2013 Wie Zuwendung heilen kann<\/strong><\/p>\n<p>Laufzeit 210 Minuten<\/p>\n<p>2 CDs im Digipac<br \/>\nISBN 978-3-8398-8008-1<\/p>\n<p><a href=\"http:\/\/www.amazon.de\/Die-Maly-Meditation-Zuwendung-heilen-kann\/dp\/3839880084\/ref=sr_1_1?s=books&amp;ie=UTF8&amp;qid=1432645944&amp;sr=1-1&amp;keywords=maly+cd\" target=\"_blank\">Hier bestellen<\/a><\/p>\n<hr \/>\n<p><a href=\"http:\/\/www.amazon.de\/gp\/product\/3426657503\/ref=olp_product_details?ie=UTF8&amp;me=\" target=\"_blank\"><img loading=\"lazy\" decoding=\"async\" class=\"alignleft wp-image-143 size-full\" src=\"https:\/\/www.uschi-schaefer.de\/wp-content\/uploads\/2016\/10\/Buch2-190x260.jpg\" width=\"190\" height=\"260\" \/><\/a><strong>Das Prinzip Placebo \u2013 Wie positive Erwartungen gesund machen k\u00f6nnen<\/strong><\/p>\n<p>Dieses Buch er\u00f6ffnet ein tieferes Verst\u00e4ndnis f\u00fcr die Wirkans\u00e4tze der Maly-Meditation. Es zeigt auf, welchen Einfluss Gedanken, Suggestionen und innere Bilder auf die Gesundheit nehmen k\u00f6nnen \u2013 sowohl in positiver als auch in negativer Hinsicht. Placebos sind die Pillen, die nicht wirken? Nur ein T\u00e4uschungsman\u00f6ver der \u00c4rzte? Mit dieser weitverbreiteten Auffassung r\u00e4umt Antje Maly-Samiralow radikal auf. Die Medizinjournalistin legt mit \u201eDas Prinzip Placebo\u201c das erste popul\u00e4rwissenschaftliche Faktenbuch vor, das verbl\u00fcffende Zusammenh\u00e4nge zwischen der Psyche und der Heilkraft des K\u00f6rpers aufdeckt.<\/p>\n<p><a href=\"http:\/\/www.amazon.de\/gp\/product\/3426657503\/ref=olp_product_details?ie=UTF8&amp;me=\" target=\"_blank\">Hier bestellen<\/a><\/p>\n<p>Broschiert, 256 Seiten, ISBN 3426657503, 18,00 EUR<\/p>\n<hr \/>\n<p><a href=\"http:\/\/wolfgang-maly.de\/relaunch-15\/wp-content\/uploads\/2015\/10\/Faulstich.jpg\" target=\"_blank\" class=\"broken_link\"><img loading=\"lazy\" decoding=\"async\" class=\"alignleft wp-image-144 size-full\" src=\"https:\/\/www.uschi-schaefer.de\/wp-content\/uploads\/2016\/10\/Faulstich-190x293.jpg\" width=\"190\" height=\"293\" \/><\/a><strong>Das Geheimnis der Heilung<br \/>\n<\/strong>Wie altes Wissen die Medizin ver\u00e4ndert<\/p>\n<p>Aktuelle Forschungsergebnisse best\u00e4tigen immer wieder altes Erfahrungswissen: Gedanken und Gef\u00fchle haben direkten Einfluss auf alle Bereiche des K\u00f6rpers. Unser Gehirn ist formbar, das Bewusstsein beeinflusst seine Struktur und kann sogar zerst\u00f6rte Bereiche wieder vollst\u00e4ndig rekonstruieren. Joachim Faulstich zeigt, wie in der Kooperation der unterschiedlichen Richtungen eine neue Heilkunst entsteht \u2013 eine Medizin, die eine grundlegende menschliche Kraft aktiviert und st\u00e4rkt: die Kraft der Selbstheilung.<\/p>\n<p><a href=\"http:\/\/wolfgang-maly.de\/relaunch-15\/wp-content\/uploads\/2015\/10\/Faulstich.jpg\" target=\"_blank\" class=\"broken_link\">Hier bestellen<\/a><\/p>\n<p>Taschenbuch, 352 Seiten, ISBN 3426874830, 10,99 EUR<\/p>\n<hr \/>\n<p><strong>Filmausschnitt \u00fcber Wolfgang Maly aus &#8220;Das Geheimnis der Heilung<\/strong><\/p>\n<p><iframe loading=\"lazy\" title=\"Wolfgang Maly - Die Maly-Meditation - Ausschnitt aus: Das Geheimnis der Heilung\" width=\"584\" height=\"329\" src=\"https:\/\/www.youtube.com\/embed\/SnbJoI5Fw4c?feature=oembed\" frameborder=\"0\" allow=\"accelerometer; autoplay; clipboard-write; encrypted-media; gyroscope; picture-in-picture; web-share\" referrerpolicy=\"strict-origin-when-cross-origin\" allowfullscreen><\/iframe><\/p>\n<p><a href=\"https:\/\/www.youtube.com\/watch?v=SnbJoI5Fw4c\" target=\"_blank\">Hier zum Filmausschnitt<\/a><\/p>\n<hr \/>\n<p>Erstausstrahlung<br \/>\n<strong>3SAT: scobel \u2013 Neuropsychoimmunologie: Heile dich selbst<\/strong><\/p>\n<p>Wolfgang Maly (Heilpraktiker, Maly-Meditations Therapeut, M\u00fcnchen) Nenner, hei\u00dft das: Soziale Beziehungen sind das Lebenselixier\u201c. . Was aber passiert tats\u00e4chlich in Zelle und Gehirn? Und wie kann man sich selbst heilen? f\u00fcr psychosomatische Medizin, und dem Heilpraktiker Wolfgang Maly dem Ph\u00e4nomen der Selbstheilung zu n\u00e4hern.<\/p>\n<p><a href=\"http:\/\/www.3sat.de\/mediathek\/?mode=play&amp;obj=41334\" target=\"_blank\" class=\"broken_link\">Hier zum Filmbeitrag<\/a><\/p>\n<hr \/>\n<div class=\"twelve columns \">\n<div class=\"gdl-column-item\">\n<p>Der Film<br \/>\n<strong>Das Geheimnis der Heilung: Wie altes Wissen die Medizin ver\u00e4ndert<\/strong><\/p>\n<p>\u201eSteht die moderne Medizin an einem Wendepunkt? Joachim Faulstich zeigt, wie aktuelle Forschungsergebnisse altes Erfahrungswissen best\u00e4tigen: Gedanken und Gef\u00fchle haben direkten Einfluss auf alle Bereiche des K\u00f6rpers. Unser Gehirn ist formbar, \u00e4u\u00dfere Erfahrungen und innere Bilder beeinflussen seine Struktur und k\u00f6nnen sogar zerst\u00f6rte Bereiche rekonstruieren. Der Film zeigt anschaulich, wie in der Kooperation der unterschiedlichen Richtungen eine neue Heilkunst entsteht eine Medizin, die eine grundlegende menschliche Kraft aktiviert und st\u00e4rkt: die Kraft der Selbstheilung.\u201c<\/p>\n<p>Die im Film beschriebene Patientin, die an Bauchspeicheldr\u00fcsenkrebs und Metastasen in der Leber erkrankt war und durch regelm\u00e4\u00dfiges Praktizieren der Maly-Meditation geheilt werden konnte, ist bis heute Krebsfrei.<\/p>\n<p><iframe loading=\"lazy\" title=\"Das Geheimnis der Heilung\" width=\"584\" height=\"329\" src=\"https:\/\/www.youtube.com\/embed\/NFYBiv4OyhA?feature=oembed\" frameborder=\"0\" allow=\"accelerometer; autoplay; clipboard-write; encrypted-media; gyroscope; picture-in-picture; web-share\" referrerpolicy=\"strict-origin-when-cross-origin\" allowfullscreen><\/iframe><\/p>\n<p><a href=\"https:\/\/www.youtube.com\/watch?v=NFYBiv4OyhA\" target=\"_blank\">Hier zum Film<\/a><\/p>\n<\/div>\n<div class=\"gdl-column-item\">\n<hr \/>\n<\/div>\n<\/div>\n<div class=\"row\">\n<div class=\"eight columns \">\n<div class=\"gdl-column-item\">\n<p><strong>BR-alpha: Was wir noch nicht wissen<\/strong><\/p>\n<p>Im Rahmen der BR-alpha Serie werden ungel\u00f6ste Fragen der Wissenschaft thematisiert und analysiert. In einem Film mit dem unter anderem auch die Maly-Meditation.<\/p>\n<p><a href=\"http:\/\/www.br.de\/fernsehen\/ard-alpha\/sendungen\/was-wir-noch-nicht-wissen\/ploetzlich-gesund100.html\" target=\"_blank\" class=\"broken_link\">Hier zum Filmbeitrag<\/a><\/p>\n<\/div>\n<\/div>\n<\/div>\n","protected":false},"excerpt":{"rendered":"<p>Wolfgang Maly: Die Maly-Meditation \u2013 Wie Zuwendung heilen kann Auszug aus dem Vorwort von Prof. Dr. med. Waldemar Uhl \u201e\u2026 Ein gro\u00dfes Problem der deutschen Schulmedizin ist, dass aufgrund der Technisierung und der zunehmenden \u00d6konomisierung der Medizin die Zuwendung zu &hellip; <a href=\"https:\/\/www.uschi-schaefer.de\/en\/weiterfuehrende-links\/\">Continue reading <span class=\"meta-nav\">&rarr;<\/span><\/a><\/p>\n","protected":false},"author":1,"featured_media":197,"parent":0,"menu_order":0,"comment_status":"closed","ping_status":"closed","template":"","meta":{"footnotes":""},"class_list":["post-29","page","type-page","status-publish","has-post-thumbnail","hentry"],"translation":{"provider":"WPGlobus","version":"3.0.1","language":"en","enabled_languages":["de","en"],"languages":{"de":{"title":true,"content":true,"excerpt":false},"en":{"title":true,"content":false,"excerpt":false}}},"yoast_head":"<!-- This site is optimized with the Yoast SEO plugin v24.9 - https:\/\/yoast.com\/wordpress\/plugins\/seo\/ -->\n<title>Links - Uschi Sch\u00e4fer<\/title>\n<meta name=\"robots\" content=\"index, follow, max-snippet:-1, max-image-preview:large, max-video-preview:-1\" \/>\n<link rel=\"canonical\" href=\"https:\/\/www.uschi-schaefer.de\/weiterfuehrende-links\/\" \/>\n<meta property=\"og:locale\" content=\"en_US\" \/>\n<meta property=\"og:type\" content=\"article\" \/>\n<meta property=\"og:title\" content=\"Links - Uschi Sch\u00e4fer\" \/>\n<meta property=\"og:url\" content=\"https:\/\/www.uschi-schaefer.de\/weiterfuehrende-links\/\" \/>\n<meta property=\"og:site_name\" content=\"Uschi Sch\u00e4fer\" \/>\n<meta property=\"article:modified_time\" content=\"2017-03-14T09:53:54+00:00\" \/>\n<meta property=\"og:image\" content=\"https:\/\/www.uschi-schaefer.de\/wp-content\/uploads\/2016\/10\/rembrandt-1000x150-2.jpg\" \/>\n\t<meta property=\"og:image:width\" content=\"1000\" \/>\n\t<meta property=\"og:image:height\" content=\"150\" \/>\n\t<meta property=\"og:image:type\" content=\"image\/jpeg\" \/>\n<meta name=\"twitter:card\" content=\"summary_large_image\" \/>\n<meta name=\"twitter:label1\" content=\"Est. reading time\" \/>\n\t<meta name=\"twitter:data1\" content=\"3 minutes\" \/>\n<script type=\"application\/ld+json\" class=\"yoast-schema-graph\">{\"@context\":\"https:\/\/schema.org\",\"@graph\":[{\"@type\":\"WebPage\",\"@id\":\"https:\/\/www.uschi-schaefer.de\/weiterfuehrende-links\/\",\"url\":\"https:\/\/www.uschi-schaefer.de\/weiterfuehrende-links\/\",\"name\":\"Links - Uschi Sch\u00e4fer\",\"isPartOf\":{\"@id\":\"https:\/\/www.uschi-schaefer.de\/#website\"},\"primaryImageOfPage\":{\"@id\":\"https:\/\/www.uschi-schaefer.de\/weiterfuehrende-links\/#primaryimage\"},\"image\":{\"@id\":\"https:\/\/www.uschi-schaefer.de\/weiterfuehrende-links\/#primaryimage\"},\"thumbnailUrl\":\"https:\/\/www.uschi-schaefer.de\/wp-content\/uploads\/2016\/10\/rembrandt-1000x150-2.jpg\",\"datePublished\":\"2016-10-22T13:31:46+00:00\",\"dateModified\":\"2017-03-14T09:53:54+00:00\",\"breadcrumb\":{\"@id\":\"https:\/\/www.uschi-schaefer.de\/weiterfuehrende-links\/#breadcrumb\"},\"inLanguage\":\"en-US\",\"potentialAction\":[{\"@type\":\"ReadAction\",\"target\":[\"https:\/\/www.uschi-schaefer.de\/weiterfuehrende-links\/\"]}]},{\"@type\":\"ImageObject\",\"inLanguage\":\"en-US\",\"@id\":\"https:\/\/www.uschi-schaefer.de\/weiterfuehrende-links\/#primaryimage\",\"url\":\"https:\/\/www.uschi-schaefer.de\/wp-content\/uploads\/2016\/10\/rembrandt-1000x150-2.jpg\",\"contentUrl\":\"https:\/\/www.uschi-schaefer.de\/wp-content\/uploads\/2016\/10\/rembrandt-1000x150-2.jpg\",\"width\":1000,\"height\":150},{\"@type\":\"BreadcrumbList\",\"@id\":\"https:\/\/www.uschi-schaefer.de\/weiterfuehrende-links\/#breadcrumb\",\"itemListElement\":[{\"@type\":\"ListItem\",\"position\":1,\"name\":\"Home\",\"item\":\"https:\/\/www.uschi-schaefer.de\/\"},{\"@type\":\"ListItem\",\"position\":2,\"name\":\"Weiterf\u00fchrende Links\"}]},{\"@type\":\"WebSite\",\"@id\":\"https:\/\/www.uschi-schaefer.de\/#website\",\"url\":\"https:\/\/www.uschi-schaefer.de\/\",\"name\":\"Uschi Sch\u00e4fer\",\"description\":\"Maly Meditation\",\"potentialAction\":[{\"@type\":\"SearchAction\",\"target\":{\"@type\":\"EntryPoint\",\"urlTemplate\":\"https:\/\/www.uschi-schaefer.de\/?s={search_term_string}\"},\"query-input\":{\"@type\":\"PropertyValueSpecification\",\"valueRequired\":true,\"valueName\":\"search_term_string\"}}],\"inLanguage\":\"en-US\"}]}<\/script>\n<!-- \/ Yoast SEO plugin. -->","yoast_head_json":{"title":"Links - Uschi Sch\u00e4fer","robots":{"index":"index","follow":"follow","max-snippet":"max-snippet:-1","max-image-preview":"max-image-preview:large","max-video-preview":"max-video-preview:-1"},"canonical":"https:\/\/www.uschi-schaefer.de\/weiterfuehrende-links\/","og_locale":"en_US","og_type":"article","og_title":"Links - Uschi Sch\u00e4fer","og_url":"https:\/\/www.uschi-schaefer.de\/weiterfuehrende-links\/","og_site_name":"Uschi Sch\u00e4fer","article_modified_time":"2017-03-14T09:53:54+00:00","og_image":[{"width":1000,"height":150,"url":"https:\/\/www.uschi-schaefer.de\/wp-content\/uploads\/2016\/10\/rembrandt-1000x150-2.jpg","type":"image\/jpeg"}],"twitter_card":"summary_large_image","twitter_misc":{"Est. reading time":"3 minutes"},"schema":{"@context":"https:\/\/schema.org","@graph":[{"@type":"WebPage","@id":"https:\/\/www.uschi-schaefer.de\/weiterfuehrende-links\/","url":"https:\/\/www.uschi-schaefer.de\/weiterfuehrende-links\/","name":"Links - Uschi Sch\u00e4fer","isPartOf":{"@id":"https:\/\/www.uschi-schaefer.de\/#website"},"primaryImageOfPage":{"@id":"https:\/\/www.uschi-schaefer.de\/weiterfuehrende-links\/#primaryimage"},"image":{"@id":"https:\/\/www.uschi-schaefer.de\/weiterfuehrende-links\/#primaryimage"},"thumbnailUrl":"https:\/\/www.uschi-schaefer.de\/wp-content\/uploads\/2016\/10\/rembrandt-1000x150-2.jpg","datePublished":"2016-10-22T13:31:46+00:00","dateModified":"2017-03-14T09:53:54+00:00","breadcrumb":{"@id":"https:\/\/www.uschi-schaefer.de\/weiterfuehrende-links\/#breadcrumb"},"inLanguage":"en-US","potentialAction":[{"@type":"ReadAction","target":["https:\/\/www.uschi-schaefer.de\/weiterfuehrende-links\/"]}]},{"@type":"ImageObject","inLanguage":"en-US","@id":"https:\/\/www.uschi-schaefer.de\/weiterfuehrende-links\/#primaryimage","url":"https:\/\/www.uschi-schaefer.de\/wp-content\/uploads\/2016\/10\/rembrandt-1000x150-2.jpg","contentUrl":"https:\/\/www.uschi-schaefer.de\/wp-content\/uploads\/2016\/10\/rembrandt-1000x150-2.jpg","width":1000,"height":150},{"@type":"BreadcrumbList","@id":"https:\/\/www.uschi-schaefer.de\/weiterfuehrende-links\/#breadcrumb","itemListElement":[{"@type":"ListItem","position":1,"name":"Home","item":"https:\/\/www.uschi-schaefer.de\/"},{"@type":"ListItem","position":2,"name":"Weiterf\u00fchrende Links"}]},{"@type":"WebSite","@id":"https:\/\/www.uschi-schaefer.de\/#website","url":"https:\/\/www.uschi-schaefer.de\/","name":"Uschi Sch\u00e4fer","description":"Maly Meditation","potentialAction":[{"@type":"SearchAction","target":{"@type":"EntryPoint","urlTemplate":"https:\/\/www.uschi-schaefer.de\/?s={search_term_string}"},"query-input":{"@type":"PropertyValueSpecification","valueRequired":true,"valueName":"search_term_string"}}],"inLanguage":"en-US"}]}},"_links":{"self":[{"href":"https:\/\/www.uschi-schaefer.de\/en\/wp-json\/wp\/v2\/pages\/29","targetHints":{"allow":["GET"]}}],"collection":[{"href":"https:\/\/www.uschi-schaefer.de\/en\/wp-json\/wp\/v2\/pages"}],"about":[{"href":"https:\/\/www.uschi-schaefer.de\/en\/wp-json\/wp\/v2\/types\/page"}],"author":[{"embeddable":true,"href":"https:\/\/www.uschi-schaefer.de\/en\/wp-json\/wp\/v2\/users\/1"}],"replies":[{"embeddable":true,"href":"https:\/\/www.uschi-schaefer.de\/en\/wp-json\/wp\/v2\/comments?post=29"}],"version-history":[{"count":23,"href":"https:\/\/www.uschi-schaefer.de\/en\/wp-json\/wp\/v2\/pages\/29\/revisions"}],"predecessor-version":[{"id":224,"href":"https:\/\/www.uschi-schaefer.de\/en\/wp-json\/wp\/v2\/pages\/29\/revisions\/224"}],"wp:featuredmedia":[{"embeddable":true,"href":"https:\/\/www.uschi-schaefer.de\/en\/wp-json\/wp\/v2\/media\/197"}],"wp:attachment":[{"href":"https:\/\/www.uschi-schaefer.de\/en\/wp-json\/wp\/v2\/media?parent=29"}],"curies":[{"name":"wp","href":"https:\/\/api.w.org\/{rel}","templated":true}]}}